{"id":436,"date":"2021-05-27T20:42:12","date_gmt":"2021-05-27T18:42:12","guid":{"rendered":"http:\/\/beta.mutsaerts.be\/?page_id=436"},"modified":"2023-03-30T10:50:20","modified_gmt":"2023-03-30T08:50:20","slug":"info","status":"publish","type":"page","link":"https:\/\/mutsaerts.be\/nl\/info\/","title":{"rendered":"Info"},"content":{"rendered":"<p><img loading=\"lazy\" decoding=\"async\" class=\"alignleft wp-image-917 \" src=\"https:\/\/mutsaerts.be\/wp-content\/uploads\/2021\/06\/1992_4-selfportret-298x300.jpg\" alt=\"\" width=\"382\" height=\"384\" srcset=\"https:\/\/mutsaerts.be\/wp-content\/uploads\/2021\/06\/1992_4-selfportret-298x300.jpg 298w, https:\/\/mutsaerts.be\/wp-content\/uploads\/2021\/06\/1992_4-selfportret-596x600.jpg 596w, https:\/\/mutsaerts.be\/wp-content\/uploads\/2021\/06\/1992_4-selfportret-768x774.jpg 768w, https:\/\/mutsaerts.be\/wp-content\/uploads\/2021\/06\/1992_4-selfportret.jpg 1191w\" sizes=\"auto, (max-width: 382px) 100vw, 382px\" \/><\/p>\n<p><em>&#8220;\u2026\u2026 De onderwerpen die hij behandelt zijn niet alleen vaak heel persoonlijk, zijn vrouw en kind of een zelfportret, maar het zijn soms ook beelden, (foto\u2019s, film of reclamebeelden) die hem zelf sterk hebben geraakt, zoals de reeks lithografie\u00ebn Schm\u00fcck M\u00e4dchen of het oliedoek Auschwitz-Sarajevo of beelden die sterke gevoelens willen oproepen zoals de litho \u201cThe kiss\u201d uit 1997 of eenvoudigweg de soms provocerende, soms tedere, soms ongenaakbare poses van de modellen die hij portretteert. Dirk Mutsaerts schildert en tekent heel veel lichamen, veelal vrouwenlichamen. Daarbij vermijdt hij niet alleen elke vorm van objectivering of psychologiseren maar meestal ook iedere vorm van ruimtelijke diepte. Het is alsof hij telkens het lichaam op een tastbare afstand voor de kijker wil plaatsen, of in elk geval de afstand ten opzichte van deze lichamen aftast, wat bij momenten leidt tot hoogst opmerkelijke perspectieven zoals in de beide schilderijen van zijn Chinese of Japanse meisjes. In zijn beelden vertrekt Dirk trouwens niet vaak van een objectieve werkelijkheid om die esthetische te vatten of te doordringen, maar hij wil ons vooral confronteren met zijn subjectieve ervaringen. Zijn kunst is een effect van subjectieve gevoelens, soms rusteloos, heel vaak onbestemd en onbestendig. Men kan zich Dirk heel makkelijk voorstellen als iemand die in vervoering raakt maar precies daardoor niet per se iets wil afmaken of perfectioneren. Hij lijkt mij iemand die zijn eigen rusteloosheid al beeldend wil \u201cnascheppen\u201d&#8230;..&#8221;<\/em><\/p>\n<p><strong>Inleiding Willem De Greef, 22.04.2010.\u00a0<\/strong><\/p>\n<p><img loading=\"lazy\" decoding=\"async\" class=\"alignnone wp-image-1484 size-thumbnail\" src=\"https:\/\/mutsaerts.be\/wp-content\/uploads\/2023\/03\/2-300x300.jpg\" alt=\"\" width=\"300\" height=\"300\" srcset=\"https:\/\/mutsaerts.be\/wp-content\/uploads\/2023\/03\/2-300x300.jpg 300w, https:\/\/mutsaerts.be\/wp-content\/uploads\/2023\/03\/2-600x600.jpg 600w, https:\/\/mutsaerts.be\/wp-content\/uploads\/2023\/03\/2-768x768.jpg 768w, https:\/\/mutsaerts.be\/wp-content\/uploads\/2023\/03\/2.jpg 980w\" sizes=\"auto, (max-width: 300px) 100vw, 300px\" \/><\/p>\n<p><em>\u201c&#8230; .. De kleur wordt beperkter, de lijnvorming hoekiger, de samenstelling wordt minder gevuld en de persoonlijke thematiek wordt duidelijker aangezet. Vertrekkend van de materi\u00eble en door iedereen waar te nemen vormelijke aspecten zou ik willen stellen dat dit werk uiteindelijk niets te maken heeft met de ogenschijnlijke rust en sereniteit van de maker zelf. Naar mijn gevoel is dit geen vrijblijvend werk maar onderhuids beladen met authentieke erotiek, grote eenzaamheid en voor mij althans een hoekige en niet te miskennen agressiviteit. De nawerking van het contact met het werk van Dirk Mutsaerts en de bezinning hieromtrent, bevestigt mij meer en meer dat het in dit werk gaat om de vertolking van een wezenlijke eenzaamheid, het onmogelijk contact \u2013 weze het nu man of vrouw \u2013 en de zekerheid, nu reeds, hiervoor geen oplossing te vinden\u2026\u2026\u201d<\/em><\/p>\n<div id=\"wb_cs_row_89\" class=\"wb-cs-row\">\n<div id=\"wb_cs_col_90\" class=\"wb-cs-col\">\n<div id=\"wb_element_instance54\" class=\"wb_element wb_text_element wb-cs-elem\">\n<p class=\"wb-stl-custom16\"><strong>Inleiding Guido Verhaege, 4.09.1986<\/strong><\/p>\n<\/div>\n<\/div>\n<\/div>\n","protected":false},"excerpt":{"rendered":"<p>&#8220;\u2026\u2026 De onderwerpen die hij behandelt zijn niet alleen vaak heel persoonlijk, zijn vrouw en kind of een zelfportret, maar&#8230;<\/p>\n","protected":false},"author":2,"featured_media":917,"parent":0,"menu_order":0,"comment_status":"closed","ping_status":"closed","template":"","meta":{"footnotes":""},"class_list":["post-436","page","type-page","status-publish","has-post-thumbnail","hentry"],"_links":{"self":[{"href":"https:\/\/mutsaerts.be\/nl\/wp-json\/wp\/v2\/pages\/436","targetHints":{"allow":["GET"]}}],"collection":[{"href":"https:\/\/mutsaerts.be\/nl\/wp-json\/wp\/v2\/pages"}],"about":[{"href":"https:\/\/mutsaerts.be\/nl\/wp-json\/wp\/v2\/types\/page"}],"author":[{"embeddable":true,"href":"https:\/\/mutsaerts.be\/nl\/wp-json\/wp\/v2\/users\/2"}],"replies":[{"embeddable":true,"href":"https:\/\/mutsaerts.be\/nl\/wp-json\/wp\/v2\/comments?post=436"}],"version-history":[{"count":3,"href":"https:\/\/mutsaerts.be\/nl\/wp-json\/wp\/v2\/pages\/436\/revisions"}],"predecessor-version":[{"id":1486,"href":"https:\/\/mutsaerts.be\/nl\/wp-json\/wp\/v2\/pages\/436\/revisions\/1486"}],"wp:featuredmedia":[{"embeddable":true,"href":"https:\/\/mutsaerts.be\/nl\/wp-json\/wp\/v2\/media\/917"}],"wp:attachment":[{"href":"https:\/\/mutsaerts.be\/nl\/wp-json\/wp\/v2\/media?parent=436"}],"curies":[{"name":"wp","href":"https:\/\/api.w.org\/{rel}","templated":true}]}}